{"id":915,"date":"2023-11-26T16:46:57","date_gmt":"2023-11-26T16:46:57","guid":{"rendered":"https:\/\/tagretail.eu\/shop\/bez-kategorii\/uchwyt-plakatowy-do-koszow-drucianych\/"},"modified":"2024-07-17T10:45:38","modified_gmt":"2024-07-17T09:45:38","slug":"uchwyt-plakatowy-do-koszow-drucianych","status":"publish","type":"product","link":"https:\/\/tagretail.lt\/pl\/ramki-i-akcesoria\/rurki-i-t-uchwyty\/uchwyt-plakatowy-do-koszow-drucianych\/","title":{"rendered":"Uchwyt plakatowy do kosz\u00f3w drucianych"},"content":{"rendered":"<p>S\u0142u\u017cy jako uchwyt do plastikowych ramek na powierzchniach siatkowych o grubo\u015bci pr\u0119ta od 2 do 8 mm i specjalnych p\u00f3\u0142ek. Nadaje si\u0119 do stosowania z ramkami A3 i mniejszymi. Aluminiowa rura teleskopowa o \u015brednicy 9 mm pozwala na regulacj\u0119 wysoko\u015bci uchwytu w zakresie od 350 do 550 mm. W zestawie uchwyt T do ramy. Plastikowa ramka nie jest do\u0142\u0105czona.<\/p>\n<p>Materia\u0142 &#8211; aluminium anodowane<br \/>\nKolor &#8211; srebrny<br \/>\n\u015arednica &#8211; 12 mm na 8 mm<\/p>\n","protected":false},"excerpt":{"rendered":"<p>Rura z uchwytem T, uchwytami i spr\u0119\u017cyn\u0105 do monta\u017cu na powierzchniach siatkowych, d\u0142ugo\u015b\u0107 350-550 mm.<\/p>\n","protected":false},"featured_media":914,"template":"","meta":{"_uag_custom_page_level_css":"","site-sidebar-layout":"default","site-content-layout":"","ast-site-content-layout":"default","site-content-style":"default","site-sidebar-style":"default","ast-global-header-display":"","ast-banner-title-visibility":"","ast-main-header-display":"","ast-hfb-above-header-display":"","ast-hfb-below-header-display":"","ast-hfb-mobile-header-display":"","site-post-title":"","ast-breadcrumbs-content":"","ast-featured-img":"","footer-sml-layout":"","ast-disable-related-posts":"","theme-transparent-header-meta":"default","adv-header-id-meta":"","stick-header-meta":"","header-above-stick-meta":"","header-main-stick-meta":"","header-below-stick-meta":"","astra-migrate-meta-layouts":"default","ast-page-background-enabled":"default","ast-page-background-meta":{"desktop":{"background-color":"","background-image":"","background-repeat":"repeat","background-position":"center center","background-size":"auto","background-attachment":"scroll","background-type":"","background-media":"","overlay-type":"","overlay-color":"","overlay-opacity":"","overlay-gradient":""},"tablet":{"background-color":"","background-image":"","background-repeat":"repeat","background-position":"center center","background-size":"auto","background-attachment":"scroll","background-type":"","background-media":"","overlay-type":"","overlay-color":"","overlay-opacity":"","overlay-gradient":""},"mobile":{"background-color":"","background-image":"","background-repeat":"repeat","background-position":"center center","background-size":"auto","background-attachment":"scroll","background-type":"","background-media":"","overlay-type":"","overlay-color":"","overlay-opacity":"","overlay-gradient":""}},"ast-content-background-meta":{"desktop":{"background-color":"var(--ast-global-color-4)","background-image":"","background-repeat":"repeat","background-position":"center center","background-size":"auto","background-attachment":"scroll","background-type":"","background-media":"","overlay-type":"","overlay-color":"","overlay-opacity":"","overlay-gradient":""},"tablet":{"background-color":"var(--ast-global-color-4)","background-image":"","background-repeat":"repeat","background-position":"center center","background-size":"auto","background-attachment":"scroll","background-type":"","background-media":"","overlay-type":"","overlay-color":"","overlay-opacity":"","overlay-gradient":""},"mobile":{"background-color":"var(--ast-global-color-4)","background-image":"","background-repeat":"repeat","background-position":"center center","background-size":"auto","background-attachment":"scroll","background-type":"","background-media":"","overlay-type":"","overlay-color":"","overlay-opacity":"","overlay-gradient":""}}},"product_brand":[],"product_cat":[302],"product_tag":[],"class_list":{"0":"post-915","1":"product","2":"type-product","3":"status-publish","4":"has-post-thumbnail","6":"product_cat-rurki-i-t-uchwyty","7":"desktop-align-left","8":"tablet-align-center","9":"mobile-align-center","11":"first","12":"instock","13":"shipping-taxable","14":"purchasable","15":"product-type-simple"},"uagb_featured_image_src":{"full":["https:\/\/tagretail.lt\/wp-content\/uploads\/2023\/11\/crossfix.jpg",780,682,false],"thumbnail":["https:\/\/tagretail.lt\/wp-content\/uploads\/2023\/11\/crossfix-150x150.jpg",150,150,true],"medium":["https:\/\/tagretail.lt\/wp-content\/uploads\/2023\/11\/crossfix-300x262.jpg",300,262,true],"medium_large":["https:\/\/tagretail.lt\/wp-content\/uploads\/2023\/11\/crossfix-768x672.jpg",768,672,true],"large":["https:\/\/tagretail.lt\/wp-content\/uploads\/2023\/11\/crossfix.jpg",780,682,false],"1536x1536":["https:\/\/tagretail.lt\/wp-content\/uploads\/2023\/11\/crossfix.jpg",780,682,false],"2048x2048":["https:\/\/tagretail.lt\/wp-content\/uploads\/2023\/11\/crossfix.jpg",780,682,false],"woocommerce_thumbnail":["https:\/\/tagretail.lt\/wp-content\/uploads\/2023\/11\/crossfix-300x300.jpg",300,300,true],"woocommerce_single":["https:\/\/tagretail.lt\/wp-content\/uploads\/2023\/11\/crossfix-500x437.jpg",500,437,true],"woocommerce_gallery_thumbnail":["https:\/\/tagretail.lt\/wp-content\/uploads\/2023\/11\/crossfix-100x100.jpg",100,100,true]},"uagb_author_info":{"display_name":"torgsystemslt","author_link":"https:\/\/tagretail.lt\/pl\/autorius\/"},"uagb_comment_info":0,"uagb_excerpt":"Rura z uchwytem T, uchwytami i spr\u0119\u017cyn\u0105 do monta\u017cu na powierzchniach siatkowych, d\u0142ugo\u015b\u0107 350-550 mm.","_links":{"self":[{"href":"https:\/\/tagretail.lt\/pl\/wp-json\/wp\/v2\/product\/915","targetHints":{"allow":["GET"]}}],"collection":[{"href":"https:\/\/tagretail.lt\/pl\/wp-json\/wp\/v2\/product"}],"about":[{"href":"https:\/\/tagretail.lt\/pl\/wp-json\/wp\/v2\/types\/product"}],"wp:featuredmedia":[{"embeddable":true,"href":"https:\/\/tagretail.lt\/pl\/wp-json\/wp\/v2\/media\/914"}],"wp:attachment":[{"href":"https:\/\/tagretail.lt\/pl\/wp-json\/wp\/v2\/media?parent=915"}],"wp:term":[{"taxonomy":"product_brand","embeddable":true,"href":"https:\/\/tagretail.lt\/pl\/wp-json\/wp\/v2\/product_brand?post=915"},{"taxonomy":"product_cat","embeddable":true,"href":"https:\/\/tagretail.lt\/pl\/wp-json\/wp\/v2\/product_cat?post=915"},{"taxonomy":"product_tag","embeddable":true,"href":"https:\/\/tagretail.lt\/pl\/wp-json\/wp\/v2\/product_tag?post=915"}],"curies":[{"name":"wp","href":"https:\/\/api.w.org\/{rel}","templated":true}]}}