{"id":6030,"date":"2024-05-28T11:54:11","date_gmt":"2024-05-28T10:54:11","guid":{"rendered":"https:\/\/tagretail.eu\/?post_type=product&#038;p=6030"},"modified":"2024-05-28T12:12:32","modified_gmt":"2024-05-28T11:12:32","slug":"listwa-cenowa-ten","status":"publish","type":"product","link":"https:\/\/tagretail.lt\/pl\/listwy-cenowe\/uniwersalne-do-polek-profilowych\/listwa-cenowa-ten\/","title":{"rendered":"Listwa cenowa TEN"},"content":{"rendered":"<p>P\u00f3\u0142kowa listwa na ceny TEN to idealne rozwi\u0105zanie do porz\u0105dkowania cen na p\u00f3\u0142kach. Dzi\u0119ki specjalnemu kszta\u0142towi zapewnione jest niezawodne mocowanie na p\u00f3\u0142kach profilowych. Idealny do szybko zmieniaj\u0105cych si\u0119 cennik\u00f3w i promocji, zapewniaj\u0105c kupuj\u0105cym przejrzyst\u0105 widoczno\u015b\u0107 i dost\u0119pno\u015b\u0107 informacji. Inne rozmiary s\u0105 dost\u0119pne na \u017cyczenie, aby spe\u0142ni\u0107 Twoje unikalne potrzeby.<\/p>\n","protected":false},"excerpt":{"rendered":"<p>Uchwyt cenowy TEN &#8211; idealny do rega\u0142\u00f3w z p\u00f3\u0142kami profilowymi. Rozmiary niestandardowe dost\u0119pne na \u017cyczenie.<\/p>\n","protected":false},"featured_media":6327,"template":"","meta":{"_uag_custom_page_level_css":"","site-sidebar-layout":"default","site-content-layout":"","ast-site-content-layout":"default","site-content-style":"default","site-sidebar-style":"default","ast-global-header-display":"","ast-banner-title-visibility":"","ast-main-header-display":"","ast-hfb-above-header-display":"","ast-hfb-below-header-display":"","ast-hfb-mobile-header-display":"","site-post-title":"","ast-breadcrumbs-content":"","ast-featured-img":"","footer-sml-layout":"","ast-disable-related-posts":"","theme-transparent-header-meta":"default","adv-header-id-meta":"","stick-header-meta":"","header-above-stick-meta":"","header-main-stick-meta":"","header-below-stick-meta":"","astra-migrate-meta-layouts":"set","ast-page-background-enabled":"default","ast-page-background-meta":{"desktop":{"background-color":"","background-image":"","background-repeat":"repeat","background-position":"center center","background-size":"auto","background-attachment":"scroll","background-type":"","background-media":"","overlay-type":"","overlay-color":"","overlay-opacity":"","overlay-gradient":""},"tablet":{"background-color":"","background-image":"","background-repeat":"repeat","background-position":"center center","background-size":"auto","background-attachment":"scroll","background-type":"","background-media":"","overlay-type":"","overlay-color":"","overlay-opacity":"","overlay-gradient":""},"mobile":{"background-color":"","background-image":"","background-repeat":"repeat","background-position":"center center","background-size":"auto","background-attachment":"scroll","background-type":"","background-media":"","overlay-type":"","overlay-color":"","overlay-opacity":"","overlay-gradient":""}},"ast-content-background-meta":{"desktop":{"background-color":"var(--ast-global-color-4)","background-image":"","background-repeat":"repeat","background-position":"center center","background-size":"auto","background-attachment":"scroll","background-type":"","background-media":"","overlay-type":"","overlay-color":"","overlay-opacity":"","overlay-gradient":""},"tablet":{"background-color":"var(--ast-global-color-4)","background-image":"","background-repeat":"repeat","background-position":"center center","background-size":"auto","background-attachment":"scroll","background-type":"","background-media":"","overlay-type":"","overlay-color":"","overlay-opacity":"","overlay-gradient":""},"mobile":{"background-color":"var(--ast-global-color-4)","background-image":"","background-repeat":"repeat","background-position":"center center","background-size":"auto","background-attachment":"scroll","background-type":"","background-media":"","overlay-type":"","overlay-color":"","overlay-opacity":"","overlay-gradient":""}}},"product_brand":[],"product_cat":[357],"product_tag":[],"class_list":{"0":"post-6030","1":"product","2":"type-product","3":"status-publish","4":"has-post-thumbnail","6":"product_cat-uniwersalne-do-polek-profilowych","7":"desktop-align-left","8":"tablet-align-center","9":"mobile-align-center","11":"first","12":"instock","13":"shipping-taxable","14":"purchasable","15":"product-type-variable"},"uagb_featured_image_src":{"full":["https:\/\/tagretail.lt\/wp-content\/uploads\/2024\/05\/te.jpg",780,682,false],"thumbnail":["https:\/\/tagretail.lt\/wp-content\/uploads\/2024\/05\/te-150x150.jpg",150,150,true],"medium":["https:\/\/tagretail.lt\/wp-content\/uploads\/2024\/05\/te-300x262.jpg",300,262,true],"medium_large":["https:\/\/tagretail.lt\/wp-content\/uploads\/2024\/05\/te-768x672.jpg",768,672,true],"large":["https:\/\/tagretail.lt\/wp-content\/uploads\/2024\/05\/te.jpg",780,682,false],"1536x1536":["https:\/\/tagretail.lt\/wp-content\/uploads\/2024\/05\/te.jpg",780,682,false],"2048x2048":["https:\/\/tagretail.lt\/wp-content\/uploads\/2024\/05\/te.jpg",780,682,false],"woocommerce_thumbnail":["https:\/\/tagretail.lt\/wp-content\/uploads\/2024\/05\/te-300x300.jpg",300,300,true],"woocommerce_single":["https:\/\/tagretail.lt\/wp-content\/uploads\/2024\/05\/te-500x437.jpg",500,437,true],"woocommerce_gallery_thumbnail":["https:\/\/tagretail.lt\/wp-content\/uploads\/2024\/05\/te-100x100.jpg",100,100,true]},"uagb_author_info":{"display_name":"torgsystemslt","author_link":"https:\/\/tagretail.lt\/pl\/autorius\/"},"uagb_comment_info":0,"uagb_excerpt":"Uchwyt cenowy TEN - idealny do rega\u0142\u00f3w z p\u00f3\u0142kami profilowymi. Rozmiary niestandardowe dost\u0119pne na \u017cyczenie.","_links":{"self":[{"href":"https:\/\/tagretail.lt\/pl\/wp-json\/wp\/v2\/product\/6030","targetHints":{"allow":["GET"]}}],"collection":[{"href":"https:\/\/tagretail.lt\/pl\/wp-json\/wp\/v2\/product"}],"about":[{"href":"https:\/\/tagretail.lt\/pl\/wp-json\/wp\/v2\/types\/product"}],"wp:featuredmedia":[{"embeddable":true,"href":"https:\/\/tagretail.lt\/pl\/wp-json\/wp\/v2\/media\/6327"}],"wp:attachment":[{"href":"https:\/\/tagretail.lt\/pl\/wp-json\/wp\/v2\/media?parent=6030"}],"wp:term":[{"taxonomy":"product_brand","embeddable":true,"href":"https:\/\/tagretail.lt\/pl\/wp-json\/wp\/v2\/product_brand?post=6030"},{"taxonomy":"product_cat","embeddable":true,"href":"https:\/\/tagretail.lt\/pl\/wp-json\/wp\/v2\/product_cat?post=6030"},{"taxonomy":"product_tag","embeddable":true,"href":"https:\/\/tagretail.lt\/pl\/wp-json\/wp\/v2\/product_tag?post=6030"}],"curies":[{"name":"wp","href":"https:\/\/api.w.org\/{rel}","templated":true}]}}